{"id":10815,"date":"2024-06-27T11:42:20","date_gmt":"2024-06-27T08:42:20","guid":{"rendered":"https:\/\/dokfoto.ee\/haridus2\/koolidele\/"},"modified":"2024-08-21T12:47:12","modified_gmt":"2024-08-21T09:47:12","slug":"koolidele","status":"publish","type":"page","link":"https:\/\/dokfoto.ee\/en\/haridus2\/koolidele\/","title":{"rendered":"For schools"},"content":{"rendered":"\n<h1 class=\"wp-block-heading\">HARIDUSPROGRAMMIDE VALIK 2024<\/h1>\n\n\n\n<p><\/p>\n\n\n\n<figure class=\"wp-block-image size-full\"><img loading=\"lazy\" decoding=\"async\" width=\"598\" height=\"596\" src=\"https:\/\/dokfoto.ee\/wp-content\/uploads\/2023\/09\/Telli_haridusprogramm_DokfotoKeskus_w.jpg\" alt=\"\" class=\"wp-image-7610\" srcset=\"https:\/\/dokfoto.ee\/wp-content\/uploads\/2023\/09\/Telli_haridusprogramm_DokfotoKeskus_w.jpg 598w, https:\/\/dokfoto.ee\/wp-content\/uploads\/2023\/09\/Telli_haridusprogramm_DokfotoKeskus_w-250x250.jpg 250w, https:\/\/dokfoto.ee\/wp-content\/uploads\/2023\/09\/Telli_haridusprogramm_DokfotoKeskus_w-300x300.jpg 300w\" sizes=\"auto, (max-width: 598px) 100vw, 598px\" \/><\/figure>\n\n\n\n<p><strong>HARIDUSPROGRAMM #1. DOKUMENTAALFOTOS ON M\u00d5JU<\/strong><\/p>\n\n\n\n<p>Mis on dokumentaalfoto? Dokumentaalfoto ja pressifoto. Kes on dokumentaalfotograaf? Dokumentaalfoto ja lugude r\u00e4\u00e4kimine. Kas ja kuidas v\u00f5ib dokumentaalfoto avada silmi \u00fchiskonnas toimuva suhtes, v\u00f5imaldada s\u00fcgavamat m\u00f5istmist, suurendada empaatiat, julgustada koost\u00f6\u00f6d, luua \u00fchendusi erinevuste vahel ning innustada v\u00e4ljakutsetele lahendusi otsima.<\/p>\n\n\n\n<p>Anal\u00fc\u00fcs ja arutelu toimub Dokfoto Keskuses parasjagu toimuva n\u00e4ituse p\u00f5hjal.<\/p>\n\n\n\n<p>Vastavalt vanuseastmele, grupi suurusele ja ajalistele v\u00f5imalustele valitakse sobiv l\u00e4henemine.<\/p>\n\n\n\n<p><\/p>\n\n\n\n<p><strong>HARIDUSPROGRAMM #2. INSPIRATSIOONI T\u00d6\u00d6TUBA: FOTOD JA LOOVUS<\/strong><\/p>\n\n\n\n<p>Kuidas kasutada fotosid loovuse ja iseenda arendamiseks?<br>Kohtumise jooksul tehakse 2\u20133 harjutust, mis annavad kogemuse, kuidas kasutada fotosid, et arendada loovust. Paralleelselt toimub ka n\u00e4ituse k\u00fclastus.<\/p>\n\n\n\n<p>Vastavalt vanuseastmele, grupi suurusele ja ajalistele v\u00f5imalustele valitakse sobiv l\u00e4henemine.<\/p>\n\n\n\n<p><strong>HARIDUSPROGRAMM #3. FOTOGRAAFIA JA ISEENDA AVASTAMINE<\/strong><\/p>\n\n\n\n<p>T\u00f6\u00f6toa raames p\u00f6\u00f6rame t\u00e4helepanu teemale, kuidas v\u00f5ib n\u00e4ituse k\u00fclastamine aidata meil iga\u00fchel end ise paremini tundma \u00f5ppida ning kuidas v\u00f5iksid fotod aidata meil ennast toetada ja j\u00f5ustada.<\/p>\n\n\n\n<p>T\u00f6\u00f6toa \u00fclesehituse idee<br>Mida rohkem oled Sa kontaktis iseendaga ja teadlikum oma tunnetest, seda tervem ja tasakaalukam oled ning seda paremini saad liikuda elus edasi, realiseerida oma potentsiaali ja luua v\u00e4\u00e4rtust nii enda kui ka teiste jaoks.<\/p>\n\n\n\n<p>Vastavalt vanuseastmele, grupi suurusele ja ajalistele v\u00f5imalustele valitakse sobiv l\u00e4henemine.<\/p>\n\n\n\n<p><strong>T\u00d6\u00d6TUBADES KASUTATAVAD MEETODID<\/strong><br>L\u00fchikesed teoreetilised sisendid, arutelud, anal\u00fc\u00fcsid, harjutused.&nbsp;<\/p>\n\n\n\n<p><\/p>\n\n\n\n<p><\/p>\n\n\n\n<p><strong>L\u00c4BIVIIJAD<\/strong><br>Toomas J\u00e4rvet, Dokfoto Keskuse asutaja ja kuraator, kelle hariduslik taust on kombinatsioon kultuuriteooriast, visuaalsest antropoloogiast, dokumentalistikast ning reklaamist ja meediast.<\/p>\n\n\n\n<p>Kristel Laur, Dokfoto Keskuse asutaja ja kuraator, kelle taust on kombinatsioon ps\u00fchholoogiast ja disainist. Kristel on tegutsenud ps\u00fchholoogi ja koolitajana \u00fcle 20 aasta ning selle ajaga on ta loonud mitmek\u00fclgseid tehnikaid ja l\u00e4henemisi erinevate teemade k\u00e4sitlemiseks ning anal\u00fc\u00fcsimiseks.<\/p>\n\n\n\n<p><strong>KESTUS:<\/strong>&nbsp;60\u201390 minutit. Vajadusel saab t\u00f6\u00f6tubasid teha ka pikemalt.<\/p>\n\n\n\n<p><strong>SIHTGRUPP:<\/strong>&nbsp;1-12 klassid ja vanemad. Vastavalt vanuseastmele, grupi suurusele ja ajalistele v\u00f5imalustele valitakse sobiv l\u00e4henemine.<\/p>\n\n\n\n<p><strong>SEOS \u00d5PPEAINETEGA:<\/strong>&nbsp;Teemasid v\u00f5imalik \u00fchendada erinevate \u00f5ppeainetega (kunsti\u00f5petus, inimese\u00f5petus, \u00fchiskonna\u00f5petus, ajalugu, keeled, kirjandus, ps\u00fchholoogia, meedia, kultuurilugu jt). Alati on v\u00f5imalik konsulteerida meie kuraatorite ja juhendajatega.<\/p>\n\n\n\n<p>Hind: 5 \u20ac osaleja. Kahele gruppi saatvale \u00f5petajale tasuta. Grupis on v\u00e4hemalt 10 inimest. Kui grupp on v\u00e4iksem, siis rakendub miinimumtasu 50 \u20ac.<\/p>\n\n\n\n<p>Vajalik eelbroneerimine!<\/p>\n\n\n\n<p>Lisainfo ja kontakt: Kristel Laur +372 522 2422 v\u00f5i kristel@dokfoto.ee<\/p>\n\n\n\n<p><\/p>\n","protected":false},"excerpt":{"rendered":"<p>HARIDUSPROGRAMMIDE VALIK 2024 HARIDUSPROGRAMM #1. DOKUMENTAALFOTOS ON M\u00d5JU Mis on dokumentaalfoto? Dokumentaalfoto ja pressifoto. Kes on dokumentaalfotograaf? Dokumentaalfoto ja lugude r\u00e4\u00e4kimine. Kas ja kuidas v\u00f5ib dokumentaalfoto avada silmi \u00fchiskonnas toimuva suhtes, v\u00f5imaldada s\u00fcgavamat m\u00f5istmist, suurendada empaatiat, julgustada koost\u00f6\u00f6d, luua \u00fchendusi erinevuste vahel ning innustada v\u00e4ljakutsetele lahendusi otsima. Anal\u00fc\u00fcs ja arutelu toimub Dokfoto Keskuses parasjagu toimuva [&hellip;]<\/p>\n","protected":false},"author":4,"featured_media":0,"parent":10812,"menu_order":31,"comment_status":"closed","ping_status":"closed","template":"","meta":{"_acf_changed":false,"inline_featured_image":false,"footnotes":""},"class_list":["post-10815","page","type-page","status-publish","hentry"],"acf":[],"_links":{"self":[{"href":"https:\/\/dokfoto.ee\/en\/wp-json\/wp\/v2\/pages\/10815","targetHints":{"allow":["GET"]}}],"collection":[{"href":"https:\/\/dokfoto.ee\/en\/wp-json\/wp\/v2\/pages"}],"about":[{"href":"https:\/\/dokfoto.ee\/en\/wp-json\/wp\/v2\/types\/page"}],"author":[{"embeddable":true,"href":"https:\/\/dokfoto.ee\/en\/wp-json\/wp\/v2\/users\/4"}],"replies":[{"embeddable":true,"href":"https:\/\/dokfoto.ee\/en\/wp-json\/wp\/v2\/comments?post=10815"}],"version-history":[{"count":1,"href":"https:\/\/dokfoto.ee\/en\/wp-json\/wp\/v2\/pages\/10815\/revisions"}],"predecessor-version":[{"id":10816,"href":"https:\/\/dokfoto.ee\/en\/wp-json\/wp\/v2\/pages\/10815\/revisions\/10816"}],"up":[{"embeddable":true,"href":"https:\/\/dokfoto.ee\/en\/wp-json\/wp\/v2\/pages\/10812"}],"wp:attachment":[{"href":"https:\/\/dokfoto.ee\/en\/wp-json\/wp\/v2\/media?parent=10815"}],"curies":[{"name":"wp","href":"https:\/\/api.w.org\/{rel}","templated":true}]}}