{"id":9887,"date":"2024-07-30T16:35:49","date_gmt":"2024-07-30T13:35:49","guid":{"rendered":"https:\/\/dev.dokfoto.ee\/?page_id=9887"},"modified":"2024-09-30T11:29:27","modified_gmt":"2024-09-30T08:29:27","slug":"courses","status":"publish","type":"page","link":"https:\/\/dokfoto.ee\/en\/for-professionals\/fotograafile\/courses\/","title":{"rendered":"Courses"},"content":{"rendered":"\n<h4 class=\"wp-block-heading\">KORRALDA ISE KOOLITUS<\/h4>\n\n<p>Oleme avatud tegema koost\u00f6\u00f6d fotograafidega, kes soovivad meie juures l\u00e4bi viia koolitusi, t\u00f6\u00f6tubasid vms.<\/p>\n\n<h4 class=\"wp-block-heading\">DOKFOTO KESKUSE KOOLITUSED, T\u00d6\u00d6TOAD JA KONSULTATSIOONID FOTOGRAAFIDELE<\/h4>\n\n<ul class=\"wp-block-list\">\n<li>Darkroom courses<\/li>\n\n\n\n<li>Pimiku konsultatsioon<\/li>\n\n\n\n<li>Supervisioon\/ konsultatsioon\/tagasiside projektile v\u00f5i portfooliole<\/li>\n\n\n\n<li>ja palju muud huvitavat<\/li>\n<\/ul>\n\n<p><a href=\"https:\/\/dokfoto.ee\/haridus\/\" class=\"btn btn-default btn-icon-ar\"><em><span>Vaata haridus- ja inspiratsiooniprogrammi<\/span><\/em><\/a><\/p>\n<div class=\"contacting-widget\"><h4 class=\"contacting-widget-title\"><mark>KONTAKT<\/mark><\/h4><div class=\"contacting-widget-items\"><div class=\"contacting-widget-item\"><p>Toomas J\u00e4rvet<\/p><p><a href=\"mailto:&#116;&#111;&#111;&#109;as&#64;&#100;&#111;k&#102;&#111;&#116;&#111;&#46;&#101;&#101;\">&#116;&#111;oma&#115;&#64;&#100;o&#107;&#102;&#111;&#116;o.&#101;&#101;<\/a><\/p><p><a href=\"tel:+3725010777\">+372 501 0777<\/a><\/p><\/div><\/div><\/div>","protected":false},"excerpt":{"rendered":"<p>KORRALDA ISE KOOLITUS Oleme avatud tegema koost\u00f6\u00f6d fotograafidega, kes soovivad meie juures l\u00e4bi viia koolitusi, t\u00f6\u00f6tubasid vms. DOKFOTO KESKUSE KOOLITUSED, T\u00d6\u00d6TOAD JA KONSULTATSIOONID FOTOGRAAFIDELE<\/p>\n","protected":false},"author":2,"featured_media":0,"parent":10952,"menu_order":42,"comment_status":"closed","ping_status":"closed","template":"","meta":{"_acf_changed":false,"inline_featured_image":false,"footnotes":""},"class_list":["post-9887","page","type-page","status-publish","hentry"],"acf":[],"_links":{"self":[{"href":"https:\/\/dokfoto.ee\/en\/wp-json\/wp\/v2\/pages\/9887","targetHints":{"allow":["GET"]}}],"collection":[{"href":"https:\/\/dokfoto.ee\/en\/wp-json\/wp\/v2\/pages"}],"about":[{"href":"https:\/\/dokfoto.ee\/en\/wp-json\/wp\/v2\/types\/page"}],"author":[{"embeddable":true,"href":"https:\/\/dokfoto.ee\/en\/wp-json\/wp\/v2\/users\/2"}],"replies":[{"embeddable":true,"href":"https:\/\/dokfoto.ee\/en\/wp-json\/wp\/v2\/comments?post=9887"}],"version-history":[{"count":5,"href":"https:\/\/dokfoto.ee\/en\/wp-json\/wp\/v2\/pages\/9887\/revisions"}],"predecessor-version":[{"id":11020,"href":"https:\/\/dokfoto.ee\/en\/wp-json\/wp\/v2\/pages\/9887\/revisions\/11020"}],"up":[{"embeddable":true,"href":"https:\/\/dokfoto.ee\/en\/wp-json\/wp\/v2\/pages\/10952"}],"wp:attachment":[{"href":"https:\/\/dokfoto.ee\/en\/wp-json\/wp\/v2\/media?parent=9887"}],"curies":[{"name":"wp","href":"https:\/\/api.w.org\/{rel}","templated":true}]}}